{"id":1662,"date":"2017-09-12T08:34:40","date_gmt":"2017-09-12T08:34:40","guid":{"rendered":"http:\/\/demo.thembay.com\/megabuy\/?page_id=1662"},"modified":"2020-12-03T20:56:48","modified_gmt":"2020-12-04T02:56:48","slug":"terms-of-use","status":"publish","type":"page","link":"https:\/\/libreriaprogreso.com\/index.php\/terms-of-use\/","title":{"rendered":"TERMINOS Y CONDICIONES"},"content":{"rendered":"<h3>TERMINOS Y CONDICIONES<\/h3>\n<p>Al momento de registrarte en Librer\u00eda Progreso en l\u00ednea est\u00e1s aceptando las condiciones siguientes y las establecidas en el enlace denominado \u201cpol\u00edticas\u201d que se encuentran en nuestro sitio en l\u00ednea a tu disposici\u00f3n, as\u00ed como sus modificaciones. Recuerda revisarlas cuando ingreses a tu cuenta:<\/p>\n<p>1. INFORMACI\u00d3N: Al crear una cuenta para comprar en l\u00ednea, entregas de forma leg\u00edtima y de manera voluntaria tu informaci\u00f3n a Librer\u00eda Progreso, quien podr\u00e1 utilizar la misma para formar un registro salvo la informaci\u00f3n de pago. Tu informaci\u00f3n no ser\u00e1 compartida de ninguna forma con empresas ajenas a Grupo Librer\u00eda Progreso.<\/p>\n<p>2. T\u00da CUENTA. Tu compra en libreriaprogreso.com se encuentra protegida por el certificado HTTPS el cual protege tu informaci\u00f3n crediticia al momento de realizar tus compras. No obstante, Librer\u00eda Progreso quedar\u00e1 exenta de toda responsabilidad por cualquier da\u00f1o que se ocasione, como resultado de causas constitutivas de caso fortuito o fuerza mayor, actos malintencionados de terceros, y cualquier otro acto, evento o circunstancia imprevisible o que siendo previsible sea insuperable, que tenga como resultado la fuga, robo o hurto de informaci\u00f3n que ha proporcionado. Adem\u00e1s, eres responsable por mantener la confidencialidad de tu usuario y clave, as\u00ed como el acceso a tu computadora, y aceptas la responsabilidad de cualquier acci\u00f3n o actividad realizada bajo tu cuenta y clave.<br \/>Librer\u00eda Progreso se reserva el derecho a suspender y\/o cancelar tu cuenta, as\u00ed como modificar cualquier contenido en ella.<br \/>libreriaprogreso.com \u00fanicamente vende a mayores de edad a trav\u00e9s de tarjeta de cr\u00e9dito y asume que la informaci\u00f3n que entregas para crear tu cuenta es ver\u00eddica.<\/p>\n<p>3. DERECHOS DE CUENTA. La creaci\u00f3n de tu cuenta \u00fanicamente te permite hacer compras a trav\u00e9s de libreriaprogreso.com. No obtienes alg\u00fan derecho extra, salvo se establezca alguna promoci\u00f3n especial que sea publicitada por Librer\u00eda Progreso.<\/p>\n<p>4. COMUNICACIONES ELECTR\u00d3NICAS. Si ingresaste tu correo electr\u00f3nico en el \u00e1rea de Bolet\u00edn de ofertas en nuestro sitio web, puedes estar seguro de que lo utilizaremos \u00fanicamente para brindarte las mejores ofertas de tu inter\u00e9s por parte de Grupo Librer\u00eda Progreso y has consentido recibir comunicaciones electr\u00f3nicas de nuestra parte, como pueden ser correos, textos, mensajes de texto, avisos y cualquier otra plataforma de comunicaci\u00f3n que Librer\u00eda Progreso posea.<br \/>Adem\u00e1s, aceptas que cualquier aviso, comunicaci\u00f3n, notificaci\u00f3n que te proveamos electr\u00f3nicamente satisface los requerimientos legales de una comunicaci\u00f3n escrita y cumple con lo establecido en la Ley para el Reconocimiento de las Comunicaciones y Firmas Electr\u00f3nicas, decreto del Congreso de la Republica n\u00famero 47-2008.<\/p>\n<p>5. DESCRIPCI\u00d3N DE PRODUCTOS. Librer\u00eda Progreso intenta ser lo m\u00e1s acercada a la realidad; sin embargo, no garantiza que las fotograf\u00edas o las descripciones de los productos en libreriaprogreso.com no tienen errores, ya que \u00fanicamente se utiliza como referencia. Las im\u00e1genes de los productos pueden variar en color, tama\u00f1o y otras caracter\u00edsticas dependiendo del equipo por medio del cual utilizas nuestro servicio. Si no est\u00e1s de acuerdo con el producto recibido \u00fanicamente podr\u00e1s acogerte a lo establecido en la cl\u00e1usula de garant\u00eda.<\/p>\n<p>6. PRECIOS. A pesar de nuestros mejores esfuerzos puede que exista alg\u00fan error en alguno de nuestros precios. Si alguno de los precios reales del producto es superior al establecido en libreriaprogreso.com, a nuestra total discreci\u00f3n podremos cancelar la orden e informarte. Si ya se te ha cargado el precio se te reintegrar\u00e1.<\/p>\n<p>7. PROPIEDAD INDUSTRIAL E INTELECTUAL. La creaci\u00f3n de tu cuenta ni la relaci\u00f3n comercial entre ambos implica la cesi\u00f3n de ning\u00fan derecho de propiedad intelectual o industrial por parte de Librer\u00eda Progreso ni te confiere ning\u00fan derecho sobre los mismos. En virtud de lo anterior, queda absolutamente prohibido: a) Hacer uso de las marcas de Librer\u00eda Progreso en alguna forma que no haya sido aprobada; b) Hacer uso de las marcas en una forma denigrante.<\/p>\n<p>8. DE LA DISPONIBILIDAD DEL PRODUCTO. Al colocar un producto en tu carrito de compras en l\u00ednea en libreriaprogreso.com debes completar el proceso de compra si deseas asegurar la disponibilidad del producto; de lo contrario, no podemos asegurarte que a\u00fan est\u00e9 disponible al momento de completar tu orden de compra en l\u00ednea en libreriaprogreso.com.<br \/>En libreriaprogreso.com nos reservamos el derecho de retener, cancelar o rechazar pedidos ya sea por razones de seguridad de transacciones en l\u00ednea o por motivos internos de Grupo Librer\u00eda Progreso. En caso de que esto ocurra recibir\u00e1s una notificaci\u00f3n y la devoluci\u00f3n respectiva de tu pago si ya ha sido procesado. El plazo de devoluci\u00f3n del pago se realizar\u00e1 al igual que en tienda f\u00edsica.<\/p>\n<p>9. DE LA ENTREGA. En libreriaprogreso.com tus compras ser\u00e1n enviadas a domicilio, el per\u00edodo estimado que ofrecemos de entrega es de 72 horas h\u00e1biles dependiendo de tu ubicaci\u00f3n. Consulta aqu\u00ed el estimado de tiempo de entrega para tu ubicaci\u00f3n. Es muy importante que tu direcci\u00f3n sea ingresada correctamente para que la entrega se realice a tiempo.<br \/>Despu\u00e9s de entregado un pedido a la direcci\u00f3n consignada, ser\u00e1 tu responsabilidad la p\u00e9rdida del objeto o los da\u00f1os ocasionados al mismo. El producto se entregar\u00e1 a la persona que se encuentre en la direcci\u00f3n de entrega. Si no pudi\u00e9ramos entregar el producto, se te reportar\u00e1 el inconveniente ocurrido y ser\u00e1 responsabilidad del usuario recogerlo en el lugar que Librer\u00eda Progreso indique.<br \/>Existen zonas que nuestro servicio no cubre. El sistema te informar\u00e1 cuales son estas zonas. Si por error consignas alguna de las zonas en las cuales no hay servicio, nos comunicaremos contigo para plantearte otras opciones de env\u00edo.<\/p>\n<p>10. GARANT\u00cdA, RETORNO Y DEVOLUCI\u00d3N DEL DINERO. Todos los productos de tiendas Librer\u00eda Progreso y libreriaprogreso.com est\u00e1n sujetos a nuestro programa de Garant\u00eda Total de 30 d\u00edas de acuerdo a las mismas condiciones establecidas para tienda f\u00edsica. Puedes llamarnos al [Numero Librer\u00eda Progreso] si necesitas ayuda o escribirnos a tuscompras@libreriaprogreso.com.<br \/>Los productos de venta final los encontrar\u00e1s identificados con un precio especial debido a un cambio de temporada u otra raz\u00f3n. Si has obtenido tu producto como venta final \u00e9ste se encuentra fuera de nuestra garant\u00eda.<\/p>\n<p>11. SOLUCI\u00d3N DE CONTROVERSIAS: Al crear una cuenta renuncias expresamente al fuero de su domicilio. Toda desavenencia relativa o conexa a este contrato y su incumplimiento ser\u00e1 dirimida por medio de arbitraje de derecho, en el idioma espa\u00f1ol, en ciudad de Guatemala, por un \u00e1rbitro, ante la comisi\u00f3n de resoluci\u00f3n de conflictos de la C\u00e1mara de Industria de Guatemala \u201cCRECIG\u201d a la que se encomienda la administraci\u00f3n del arbitraje y la designaci\u00f3n del \u00e1rbitro de conformidad con su reglamento de arbitraje. Igualmente hace constar expresamente su compromiso de cumplir el laudo arbitral que se dicte.<\/p>\n<p>12. NORMAS APLICABLES. Este contrato ser\u00e1 regulado, gobernado e interpretado de conformidad con las leyes de la Rep\u00fablica de Guatemala.<\/p>\n<p>13.EXENCI\u00d3N DE RESPONSABILIDAD. Librer\u00eda Progreso quedar\u00e1 exenta de toda responsabilidad por cualquier da\u00f1o o demora en la ejecuci\u00f3n de las actividades, como resultado de causas constitutivas de fuerza mayor o caso fortuito. Adem\u00e1s, el usuario reconoce que el uso de los servicios ser\u00e1 bajo su propio riesgo. Librer\u00eda Progreso no asume responsabilidad por el acceso no autorizado o uso de nuestros servidores, por cualquier interrupci\u00f3n de nuestro servicio, por cualquier error, virus o similar transmitido al utilizar nuestra p\u00e1gina libreriaprogreso.com, y cualquier otra exenci\u00f3n de responsabilidad establecida en el presente documento.<\/p>\n<p>14. MERA TOLERANCIA: La mera tolerancia al incumplimiento o cumplimiento tard\u00edo de alguna de las obligaciones de la otra parte, (i) no constituir\u00e1 una modificaci\u00f3n al presente contrato ni una excepci\u00f3n al cumplimiento del mismo (ii) no implicar\u00e1 una renuncia de la parte cumplida a alguna de las causales de terminaci\u00f3n del presente contrato, (iii) no afectar\u00e1 la efectividad del presente contrato ni de sus anexos y (iv) no afectar\u00e1 ninguno de los derecho de la parte cumplida.<\/p>\n<p>15. DE LA VALIDEZ PARCIAL: La ilegalidad, ineficacia, invalidez o nulidad de una o varias de las estipulaciones del presente contrato, declaradas por autoridad competente, no afectar\u00e1n la validez, eficacia o legalidad de las restantes estipulaciones\u00a0<\/p>\n<p>LIMITACION DE RESPONSABILIDAD CIVIL: Librer\u00eda Progreso no ser\u00e1 responsable civilmente por utilidades p\u00e9rdidas o por da\u00f1os especiales, incidentales, indirectos; perjuicios o da\u00f1os punitivos que surjan por el presente servicio en detrimento del usuario.<\/p>\n\n\n<p><\/p>\n","protected":false},"excerpt":{"rendered":"<p>TERMINOS Y CONDICIONES Al momento de registrarte en Librer\u00eda Progreso en l\u00ednea est\u00e1s aceptando las condiciones siguientes y las establecidas en el enlace denominado \u201cpol\u00edticas\u201d que se encuentran en nuestro sitio en l\u00ednea a tu disposici\u00f3n, as\u00ed como sus modificaciones. Recuerda revisarlas cuando ingreses a tu cuenta: 1. INFORMACI\u00d3N: Al crear una cuenta para comprar &hellip; <a href=\"https:\/\/libreriaprogreso.com\/index.php\/terms-of-use\/\" class=\"more-link\">Continue reading <span class=\"screen-reader-text\">TERMINOS Y CONDICIONES<\/span><\/a><\/p>\n","protected":false},"author":1,"featured_media":0,"parent":0,"menu_order":0,"comment_status":"closed","ping_status":"closed","template":"","meta":[],"_links":{"self":[{"href":"https:\/\/libreriaprogreso.com\/index.php\/wp-json\/wp\/v2\/pages\/1662"}],"collection":[{"href":"https:\/\/libreriaprogreso.com\/index.php\/wp-json\/wp\/v2\/pages"}],"about":[{"href":"https:\/\/libreriaprogreso.com\/index.php\/wp-json\/wp\/v2\/types\/page"}],"author":[{"embeddable":true,"href":"https:\/\/libreriaprogreso.com\/index.php\/wp-json\/wp\/v2\/users\/1"}],"replies":[{"embeddable":true,"href":"https:\/\/libreriaprogreso.com\/index.php\/wp-json\/wp\/v2\/comments?post=1662"}],"version-history":[{"count":4,"href":"https:\/\/libreriaprogreso.com\/index.php\/wp-json\/wp\/v2\/pages\/1662\/revisions"}],"predecessor-version":[{"id":9447,"href":"https:\/\/libreriaprogreso.com\/index.php\/wp-json\/wp\/v2\/pages\/1662\/revisions\/9447"}],"wp:attachment":[{"href":"https:\/\/libreriaprogreso.com\/index.php\/wp-json\/wp\/v2\/media?parent=1662"}],"curies":[{"name":"wp","href":"https:\/\/api.w.org\/{rel}","templated":true}]}}